{"id":11,"date":"2012-08-20T10:44:12","date_gmt":"2012-08-20T08:44:12","guid":{"rendered":"http:\/\/www.me-weiterbildung.de\/kinderhilfe\/?page_id=11"},"modified":"2014-08-12T10:45:38","modified_gmt":"2014-08-12T08:45:38","slug":"links","status":"publish","type":"page","link":"https:\/\/www.me-weiterbildung.de\/kinderhilfe\/links","title":{"rendered":"Links"},"content":{"rendered":"<p>me Weiterbildung \u2013 Markus Eckstein und<br \/>\n<a title=\"me Weiterbildung \u2013 die Spezialisten GmbH\" href=\"http:\/\/www.me-weiterbildung.de\/\" target=\"_blank\">ME-Weiterbildung<\/a><\/p>\n<p>Benefizbereich &#8222;Hilfe f\u00fcr krebskranke Kinder&#8220; &#8211; unterst\u00fctzt durch ME-Weiterbildung:<br \/>\n<a title=\"Benefizbereich\" href=\"https:\/\/www.me-weiterbildung.de\/kinderhilfe\/\">Benefiz<\/a><\/p>\n<p>Zentrale des Benefizsamplers: Der S\u00fcden rockt!<br \/>\n<a href=\"http:\/\/www.ders\u00fcdenrockt.de\" target=\"_blank\">Der S\u00fcden rockt<\/a><\/p>\n","protected":false},"excerpt":{"rendered":"<p>me Weiterbildung \u2013 Markus Eckstein und ME-Weiterbildung Benefizbereich &#8222;Hilfe f\u00fcr krebskranke Kinder&#8220; &#8211; unterst\u00fctzt durch ME-Weiterbildung: Benefiz Zentrale des Benefizsamplers: Der S\u00fcden rockt! Der S\u00fcden rockt<\/p>\n","protected":false},"author":1,"featured_media":0,"parent":0,"menu_order":4,"comment_status":"closed","ping_status":"closed","template":"","meta":{"footnotes":""},"aioseo_notices":[],"_links":{"self":[{"href":"https:\/\/www.me-weiterbildung.de\/kinderhilfe\/wp-json\/wp\/v2\/pages\/11"}],"collection":[{"href":"https:\/\/www.me-weiterbildung.de\/kinderhilfe\/wp-json\/wp\/v2\/pages"}],"about":[{"href":"https:\/\/www.me-weiterbildung.de\/kinderhilfe\/wp-json\/wp\/v2\/types\/page"}],"author":[{"embeddable":true,"href":"https:\/\/www.me-weiterbildung.de\/kinderhilfe\/wp-json\/wp\/v2\/users\/1"}],"replies":[{"embeddable":true,"href":"https:\/\/www.me-weiterbildung.de\/kinderhilfe\/wp-json\/wp\/v2\/comments?post=11"}],"version-history":[{"count":7,"href":"https:\/\/www.me-weiterbildung.de\/kinderhilfe\/wp-json\/wp\/v2\/pages\/11\/revisions"}],"predecessor-version":[{"id":237,"href":"https:\/\/www.me-weiterbildung.de\/kinderhilfe\/wp-json\/wp\/v2\/pages\/11\/revisions\/237"}],"wp:attachment":[{"href":"https:\/\/www.me-weiterbildung.de\/kinderhilfe\/wp-json\/wp\/v2\/media?parent=11"}],"curies":[{"name":"wp","href":"https:\/\/api.w.org\/{rel}","templated":true}]}}