{"id":15,"date":"2012-08-20T10:44:33","date_gmt":"2012-08-20T08:44:33","guid":{"rendered":"http:\/\/www.me-weiterbildung.de\/kinderhilfe\/?page_id=15"},"modified":"2014-08-12T10:43:14","modified_gmt":"2014-08-12T08:43:14","slug":"impressum","status":"publish","type":"page","link":"https:\/\/www.me-weiterbildung.de\/kinderhilfe\/impressum","title":{"rendered":"Impressum"},"content":{"rendered":"<p><strong>Angaben gem\u00e4\u00df \u00a7 5 TMG:<\/strong><\/p>\n<p><strong>me Weiterbildung \u2013 die Spezialisten GmbH<\/strong><br \/>\nSonnenleite 6<br \/>\nD-91077 Neunkirchen am Brand<\/p>\n<p><strong>Kontakt:<\/strong><\/p>\n<p>Telefon: +49 (0) 91 92 \/ 99 43 680<br \/>\nTelefax: +49 (0) 91 92 \/ 99 43 681<br \/>\neMail: <a title=\"Email an me Weiterbildung schreiben\" href=\"mailto:info@me-weiterbildung.de\">info@me-weiterbildung.de<\/a><\/p>\n<p><strong>Gesch\u00e4ftsf\u00fchrer: <\/strong>Markus Eckstein, Monika Eckstein<\/p>\n<p><strong>USt-IdNr.: <\/strong>DE 260721944<\/p>\n<p><strong>Name und Sitz der Gesellschaft:<\/strong><\/p>\n<p>me Weiterbildung \u2013 die Spezialisten GmbH<br \/>\nSonnenleite 6, 91077 Neunkirchen am Brand<\/p>\n<p><strong>Zust\u00e4ndige Kammer:<\/strong> IHK Oberfranken<br \/>\n<strong>Amtsgericht:<\/strong> Bamberg<br \/>\n<strong>Handelsregister:<\/strong> HRB 6074<\/p>\n<h3>Haftungsausschluss (Disclaimer):<\/h3>\n<p><strong>Haftung f\u00fcr Inhalte<\/strong><\/p>\n<p>Als Diensteanbieter sind wir gem\u00e4\u00df \u00a7 7 Abs.1 TMG f\u00fcr eigene Inhalte auf diesen Seiten nach den allgemeinen Gesetzen verantwortlich. Nach \u00a7\u00a7 8 bis 10 TMG sind wir als Diensteanbieter jedoch nicht verpflichtet, \u00fcbermittelte oder gespeicherte fremde Informationen zu \u00fcberwachen oder nach Umst\u00e4nden zu forschen, die auf eine rechtswidrige T\u00e4tigkeit hinweisen. Verpflichtungen zur Entfernung oder Sperrung der Nutzung von Informationen nach den allgemeinen Gesetzen bleiben hiervon unber\u00fchrt. Eine diesbez\u00fcgliche Haftung ist jedoch erst ab dem Zeitpunkt der Kenntnis einer konkreten Rechtsverletzung m\u00f6glich. Bei Bekanntwerden von entsprechenden Rechtsverletzungen werden wir diese Inhalte umgehend entfernen.<\/p>\n<p><strong>Haftung f\u00fcr Links<\/strong><\/p>\n<p>Unser Angebot enth\u00e4lt Links zu externen Webseiten Dritter, auf deren Inhalte wir keinen Einfluss haben. Deshalb k\u00f6nnen wir f\u00fcr diese fremden Inhalte auch keine Gew\u00e4hr \u00fcbernehmen. F\u00fcr die Inhalte der verlinkten Seiten ist stets der jeweilige Anbieter oder Betreiber der Seiten verantwortlich. Die verlinkten Seiten wurden zum Zeitpunkt der Verlinkung auf m\u00f6gliche Rechtsverst\u00f6\u00dfe \u00fcberpr\u00fcft. Rechtswidrige Inhalte waren zum Zeitpunkt der Verlinkung nicht erkennbar. Eine permanente inhaltliche Kontrolle der verlinkten Seiten ist jedoch ohne konkrete Anhaltspunkte einer Rechtsverletzung nicht zumutbar. Bei Bekanntwerden von Rechtsverletzungen werden wir derartige Links umgehend entfernen.<\/p>\n<p><strong>Urheberrecht<\/strong><\/p>\n<p>Die durch die Seitenbetreiber erstellten Inhalte und Werke auf diesen Seiten unterliegen dem deutschen Urheberrecht. Die Vervielf\u00e4ltigung, Bearbeitung, Verbreitung und jede Art der Verwertung au\u00dferhalb der Grenzen des Urheberrechtes bed\u00fcrfen der schriftlichen Zustimmung des jeweiligen Autors bzw. Erstellers. Downloads und Kopien dieser Seite sind nur f\u00fcr den privaten, nicht kommerziellen Gebrauch gestattet. Soweit die Inhalte auf dieser Seite nicht vom Betreiber erstellt wurden, werden die Urheberrechte Dritter beachtet. Insbesondere werden Inhalte Dritter als solche gekennzeichnet. Sollten Sie trotzdem auf eine Urheberrechtsverletzung aufmerksam werden, bitten wir um einen entsprechenden Hinweis. Bei Bekanntwerden von Rechtsverletzungen werden wir derartige Inhalte umgehend entfernen.<\/p>\n<p>Wir behandeln ihre Daten, die sie bei der Nutzung unseres Kontaktformulares eingeben selbstverst\u00e4ndlich vertraulich und geben diese unter keinen Umst\u00e4nden an Dritte weiter. Die erfassten Daten werden ausschlie\u00dflich zu Kontaktzwecken bei uns gespeichert. Auf dieser Seite werden keine Nutzerstatistiken gesammelt.<\/p>\n<p><strong>Datenschutzerkl\u00e4rung:<\/strong><\/p>\n<p>Wir behandeln ihre Daten, die sie beim Bestellen von CDs oder der Nutzung unseres Kontaktformulares eingeben selbstverst\u00e4ndlich vertraulich und geben diese <span style=\"text-decoration: underline;\">unter keinen Umst\u00e4nden<\/span> an Dritte weiter. Die erfassten Daten werden ausschlie\u00dflich zu Kontakt- und Bestellzwecken bei uns gespeichert. Auf dieser Seite werden keine Nutzerstatistiken gesammelt.<\/p>\n","protected":false},"excerpt":{"rendered":"<p>Angaben gem\u00e4\u00df \u00a7 5 TMG: me Weiterbildung \u2013 die Spezialisten GmbH Sonnenleite 6 D-91077 Neunkirchen am Brand Kontakt: Telefon: +49 (0) 91 92 \/ 99 43 680 Telefax: +49 (0) 91 92 \/ 99 43 681 eMail: info@me-weiterbildung.de Gesch\u00e4ftsf\u00fchrer: Markus &hellip; <a href=\"https:\/\/www.me-weiterbildung.de\/kinderhilfe\/impressum\">Weiterlesen <span class=\"meta-nav\">&rarr;<\/span><\/a><\/p>\n","protected":false},"author":1,"featured_media":0,"parent":0,"menu_order":6,"comment_status":"closed","ping_status":"closed","template":"","meta":{"footnotes":""},"aioseo_notices":[],"_links":{"self":[{"href":"https:\/\/www.me-weiterbildung.de\/kinderhilfe\/wp-json\/wp\/v2\/pages\/15"}],"collection":[{"href":"https:\/\/www.me-weiterbildung.de\/kinderhilfe\/wp-json\/wp\/v2\/pages"}],"about":[{"href":"https:\/\/www.me-weiterbildung.de\/kinderhilfe\/wp-json\/wp\/v2\/types\/page"}],"author":[{"embeddable":true,"href":"https:\/\/www.me-weiterbildung.de\/kinderhilfe\/wp-json\/wp\/v2\/users\/1"}],"replies":[{"embeddable":true,"href":"https:\/\/www.me-weiterbildung.de\/kinderhilfe\/wp-json\/wp\/v2\/comments?post=15"}],"version-history":[{"count":3,"href":"https:\/\/www.me-weiterbildung.de\/kinderhilfe\/wp-json\/wp\/v2\/pages\/15\/revisions"}],"predecessor-version":[{"id":231,"href":"https:\/\/www.me-weiterbildung.de\/kinderhilfe\/wp-json\/wp\/v2\/pages\/15\/revisions\/231"}],"wp:attachment":[{"href":"https:\/\/www.me-weiterbildung.de\/kinderhilfe\/wp-json\/wp\/v2\/media?parent=15"}],"curies":[{"name":"wp","href":"https:\/\/api.w.org\/{rel}","templated":true}]}}