{"id":5,"date":"2012-08-20T10:40:25","date_gmt":"2012-08-20T08:40:25","guid":{"rendered":"http:\/\/www.me-weiterbildung.de\/kinderhilfe\/?page_id=5"},"modified":"2014-08-12T10:44:09","modified_gmt":"2014-08-12T08:44:09","slug":"startseite","status":"publish","type":"page","link":"https:\/\/www.me-weiterbildung.de\/kinderhilfe\/","title":{"rendered":"Startseite"},"content":{"rendered":"<h2>Scheck\u00fcbergabe Teil 1<\/h2>\n<p><iframe loading=\"lazy\" width=\"100%\" height=\"360\" src=\"\/\/www.youtube.com\/embed\/Y0ZtVDB1750?feature=player_detailpage\" frameborder=\"0\" allowfullscreen><\/iframe><\/p>\n<h2>Scheck\u00fcbergabe Teil 2<\/h2>\n<p><iframe loading=\"lazy\" width=\"100%\" height=\"360\" src=\"\/\/www.youtube.com\/embed\/YEPc0wDuQCQ?feature=player_detailpage\" frameborder=\"0\" allowfullscreen><\/iframe><\/p>\n<h2>Der S\u00fcden rockt! DONIKKL unterst\u00fctzt das Projekt EDITH nach Edith Stein in Konstanz<\/h2>\n<p><iframe loading=\"lazy\" src=\"http:\/\/www.youtube.com\/embed\/LHOYCHx6eHQ?feature=player_detailpage\" frameborder=\"0\" width=\"100%\" height=\"360\"><\/iframe><\/p>\n<h2>Der S\u00fcden rockt! \u00dcberraschung f\u00fcr die Kinder in der Konzertpause mit Erich dem Koch &#8211; DONIKKL<\/h2>\n<p><iframe loading=\"lazy\" src=\"http:\/\/www.youtube.com\/embed\/czfbGLdGe_k?feature=player_detailpage\" frameborder=\"0\" width=\"100%\" height=\"360\"><\/iframe><\/p>\n<h2>Der S\u00fcden rock! DONIKKL Interview Teil 3 Zwischenstand und Benefiz hilft Benefiz in Konstanz<\/h2>\n<p><iframe loading=\"lazy\" src=\"http:\/\/www.youtube.com\/embed\/gVB81adLkRI?feature=player_detailpage\" frameborder=\"0\" width=\"100%\" height=\"360\"><\/iframe><\/p>\n<h2>Hintergrundinformationen zur Benefiz-Aktion<br \/>\n&#8222;Der S\u00fcden rockt!&#8220;<\/h2>\n<p>Interview mit DONIKKL und Einblick in ein Live Konzert,<br \/>\nAufruf das Projekt zu unterst\u00fctzen<\/p>\n<p><iframe loading=\"lazy\" src=\"http:\/\/www.youtube.com\/embed\/6rS3VDly430?feature=player_detailpage\" frameborder=\"0\" width=\"100%\" height=\"360\"><\/iframe><\/p>\n<h2>Der S\u00fcden rockt! Erste Scheck\u00fcbergabe in Regensburg und Interview Teil 2<\/h2>\n<p><iframe loading=\"lazy\" src=\"http:\/\/www.youtube.com\/embed\/e3H5ygINQVk?feature=player_detailpage\" frameborder=\"0\" width=\"100%\" height=\"360\"><\/iframe><\/p>\n<h2>&#8222;Der S\u00fcden rockt!&#8220; &#8211; Pressekonferenz:<\/h2>\n<p><iframe loading=\"lazy\" src=\"http:\/\/www.youtube.com\/embed\/hXmFo6ACg50?feature=player_detailpage\" frameborder=\"0\" width=\"100%\" height=\"360\"><\/iframe><\/p>\n<h2>&#8222;Der S\u00fcden rockt!&#8220; &#8211; Informationen:<\/h2>\n<p><iframe loading=\"lazy\" src=\"http:\/\/www.youtube.com\/embed\/v2JwB9efZmk?feature=player_detailpage\" frameborder=\"0\" width=\"100%\" height=\"360\"><\/iframe><\/p>\n<p style=\"text-align: center;\">19 angesagte Musikgruppen und Kabarettisten aus Bayern, die deutschlandweit auf Tour gehen, interpretieren Lieder der erfolgreichsten Kindermusikband Europas, \u201eDONIKKL und die Wei\u00dfw\u00fcrschtl\u201c (Erfinder des Fliegerlieds\/ So a sch\u00f6ner Tag), auf ihre eigene besondere Art und Weise.<\/p>\n<p style=\"text-align: center;\">Der komplette Reinerl\u00f6s geht an den <a title=\"Verein zur F\u00f6rderung krebskranker und k\u00f6rperbehinderter Kinder Ostbayern.eV.\" href=\"http:\/\/www.vkkk-ostbayern.de\/\" target=\"_blank\">Verein zur F\u00f6rderung krebskranker und k\u00f6rperbehinderter Kinder Ostbayern.eV.<\/a><\/p>\n<p style=\"text-align: center;\">Danke an alle teilnehmenden Bands f\u00fcr die tollen Interpretationen!<\/p>\n<p style=\"text-align: center;\">Ihr d\u00fcrft euch also auf eine besonders lebendige und vielseitige CD freuen!<\/p>\n<p style=\"text-align: center;\">Danke f\u00fcr Eure Unterst\u00fctzung!<\/p>\n<p style=\"text-align: center;\"><img loading=\"lazy\" decoding=\"async\" class=\"aligncenter size-full wp-image-43\" title=\"bandfoto\" src=\"https:\/\/www.me-weiterbildung.de\/kinderhilfe\/wp-content\/uploads\/2012\/08\/bandfoto.jpg\" alt=\"bandfoto\" width=\"281\" height=\"201\" \/><\/p>\n<p style=\"text-align: center;\">Das Projekt wird unterst\u00fctzt durch:<\/p>\n<p style=\"text-align: center;\"><img loading=\"lazy\" decoding=\"async\" class=\"wp-image-27 aligncenter\" title=\"support\" src=\"https:\/\/www.me-weiterbildung.de\/kinderhilfe\/wp-content\/uploads\/2012\/08\/support.jpg\" alt=\"\" width=\"490\" height=\"356\" srcset=\"https:\/\/www.me-weiterbildung.de\/kinderhilfe\/wp-content\/uploads\/2012\/08\/support.jpg 490w, https:\/\/www.me-weiterbildung.de\/kinderhilfe\/wp-content\/uploads\/2012\/08\/support-300x217.jpg 300w, https:\/\/www.me-weiterbildung.de\/kinderhilfe\/wp-content\/uploads\/2012\/08\/support-412x300.jpg 412w\" sizes=\"(max-width: 490px) 100vw, 490px\" \/><\/p>\n","protected":false},"excerpt":{"rendered":"<p>Scheck\u00fcbergabe Teil 1 Scheck\u00fcbergabe Teil 2 Der S\u00fcden rockt! DONIKKL unterst\u00fctzt das Projekt EDITH nach Edith Stein in Konstanz Der S\u00fcden rockt! \u00dcberraschung f\u00fcr die Kinder in der Konzertpause mit Erich dem Koch &#8211; DONIKKL Der S\u00fcden rock! DONIKKL Interview &hellip; <a href=\"https:\/\/www.me-weiterbildung.de\/kinderhilfe\/\">Weiterlesen <span class=\"meta-nav\">&rarr;<\/span><\/a><\/p>\n","protected":false},"author":1,"featured_media":0,"parent":0,"menu_order":1,"comment_status":"closed","ping_status":"closed","template":"startseite.php","meta":{"footnotes":""},"aioseo_notices":[],"_links":{"self":[{"href":"https:\/\/www.me-weiterbildung.de\/kinderhilfe\/wp-json\/wp\/v2\/pages\/5"}],"collection":[{"href":"https:\/\/www.me-weiterbildung.de\/kinderhilfe\/wp-json\/wp\/v2\/pages"}],"about":[{"href":"https:\/\/www.me-weiterbildung.de\/kinderhilfe\/wp-json\/wp\/v2\/types\/page"}],"author":[{"embeddable":true,"href":"https:\/\/www.me-weiterbildung.de\/kinderhilfe\/wp-json\/wp\/v2\/users\/1"}],"replies":[{"embeddable":true,"href":"https:\/\/www.me-weiterbildung.de\/kinderhilfe\/wp-json\/wp\/v2\/comments?post=5"}],"version-history":[{"count":22,"href":"https:\/\/www.me-weiterbildung.de\/kinderhilfe\/wp-json\/wp\/v2\/pages\/5\/revisions"}],"predecessor-version":[{"id":232,"href":"https:\/\/www.me-weiterbildung.de\/kinderhilfe\/wp-json\/wp\/v2\/pages\/5\/revisions\/232"}],"wp:attachment":[{"href":"https:\/\/www.me-weiterbildung.de\/kinderhilfe\/wp-json\/wp\/v2\/media?parent=5"}],"curies":[{"name":"wp","href":"https:\/\/api.w.org\/{rel}","templated":true}]}}