{"id":7,"date":"2012-08-20T10:43:40","date_gmt":"2012-08-20T08:43:40","guid":{"rendered":"http:\/\/www.me-weiterbildung.de\/kinderhilfe\/?page_id=7"},"modified":"2014-08-12T10:46:15","modified_gmt":"2014-08-12T08:46:15","slug":"informationen","status":"publish","type":"page","link":"https:\/\/www.me-weiterbildung.de\/kinderhilfe\/informationen","title":{"rendered":"Informationen"},"content":{"rendered":"<h2>Kinder brauchen Hilfe!<\/h2>\n<p>Gerade Kinder ben\u00f6tigen viel Aufmerksamkeit und Entwicklungsm\u00f6glichkeiten. Besonders Kinder, welche das Schicksal bereits in so jungen Jahren vor Herausforderungen stellt.<\/p>\n<p>Deshalb unterst\u00fctze ich als Sponsor das Donikkl Projekt, welches mit Hilfe einer Musik CD &#8222;Benefiz-Sampler&#8220; den Verein zur F\u00f6rderung krebskranker und k\u00f6rperbehinderter Kinder e.V. (VKKK) unterst\u00fctzt. Das Ziel ist es, soviel wie m\u00f6glich auf einen m\u00f6glichst langen Zeitraum zur erl\u00f6sen.<\/p>\n<p>\u201e<strong>Donikkl und die Wei\u00dfw\u00fcrschtl<\/strong>\u201c ist eine sehr bekannte und beliebte Band, die mit ihrer innovativen und zeitgem\u00e4\u00dfen Kindermusik auch Erwachsene mitrei\u00dft. Seit 10 Jahren ist die Band im Auftrag der Kinder unterwegs und macht nicht nur tolle Konzerte und CDs\/DVDs, sondern unterst\u00fctzt immer wieder Kinder in Kinderg\u00e4rten\/Schulen und Benefiz-Projekte.<\/p>\n<p>In der heutigen Zeit ist es schon au\u00dfergew\u00f6hnlich, wenn sich erwachsene Menschen f\u00fcr Kinder stark machen. Klar wird dies, wenn man Artikel liest, dass immer mehr Kinderg\u00e4rten aus den Wohnviertel verbannt werden sollen oder es Schwimmb\u00e4der\/Thermen gibt, bei welchen Kinder gleich gar nicht erw\u00fcnscht sind. Auch im Restaurant erfahren Kinder, dass Sie als st\u00f6rendes Element behandelt werden. Wenn Kinder auch noch schwer erkranken oder behindert sind, wird in unserer Gesellschaft gerne weggesehen.<\/p>\n<p>Genau hier schl\u00e4gt Donikkl mit einem m\u00e4chtigen Verb\u00fcndeten, der Musik, Br\u00fccken. Das kann man auf den Konzerten live erleben, wenn behinderte und gesunde Kinder im Einklang nebeneinander tanzen und feiern.<\/p>\n<p>Bitte unterst\u00fctzen Sie das Projekt, in dem Sie, Freunde, Bekannte und Verwandte m\u00f6glichst viele CDs erwerben. Verbreiten Sie die Information \u00fcber die Sozialen Netzwerke, in Schulen, Kinderg\u00e4rten, Krabbelgruppen, am Arbeitsplatz und wo immer Sie hilfsbereite Menschen antreffen.<\/p>\n<p>Bestellen k\u00f6nnen Sie ganz einfach mit dem Formular auf dieser <a href=\"https:\/\/www.me-weiterbildung.de\/kinderhilfe\/cds-bestellen\">Seite<a>.<\/p>\n<h2>Warum ein Benefiz Projekt unterst\u00fctzen und nicht direkt spenden?<\/h2>\n<p>Diese Frage habe ich mir lange gestellt. Die Idee von Donikkl ist es, die Aufmerksamkeit zum Thema zu erh\u00f6hen. Hierzu ben\u00f6tigt das Projekt viele Personen, welche dar\u00fcber sprechen, schreiben, kommunizieren,&#8230;<\/p>\n<p>Hierf\u00fcr haben sich \u00fcber 19 bekannte Musikgruppen\/K\u00fcnstler, Presse, Rundfunk\/Fernsehen und die Sponsoren f\u00fcr den ersten Impuls bereit erkl\u00e4rt. Jetzt haben Sie die M\u00f6glichkeit, als Multiplikator das Projekt weiter bekannt zu machen.<\/p>\n<p>Die Chance, \u00fcber den Verkauf der CDs eine wesentlich h\u00f6herer Summe zu erzielen und eine besonders hohe Nachhaltigkeit zu generieren, hat mich dazu bewegt, den \u00f6ffentlich Weg zu gehen.<\/p>\n<p>Spenden sind zwar manchmal direkter, oftmals auch sehr anonym.<\/p>\n<p><em>Tu Gutes und sprich dar\u00fcber!<\/em><\/p>\n<h2>Weshalb wurde der VKKK ausgew\u00e4hlt?<\/h2>\n<p>Donikkl unterst\u00fctzt diese Organisation schon sehr lange. Mir war es wichtig, ein Projekt in Deutschland zu unterst\u00fctzen. Die r\u00e4umliche N\u00e4he hatte zus\u00e4tzlich den Charme sicherzustellen, dass das Geld auch ankommt. Auch ist es interessant, das Geld auf eine Organisation zu b\u00fcndeln. Damit kommt die Hilfe auch voran.<\/p>\n<p>Mit freundlichen Gr\u00fc\u00dfen<\/p>\n<p><em>Markus Eckstein<\/em><\/p>\n","protected":false},"excerpt":{"rendered":"<p>Kinder brauchen Hilfe! Gerade Kinder ben\u00f6tigen viel Aufmerksamkeit und Entwicklungsm\u00f6glichkeiten. Besonders Kinder, welche das Schicksal bereits in so jungen Jahren vor Herausforderungen stellt. Deshalb unterst\u00fctze ich als Sponsor das Donikkl Projekt, welches mit Hilfe einer Musik CD &#8222;Benefiz-Sampler&#8220; den Verein &hellip; <a href=\"https:\/\/www.me-weiterbildung.de\/kinderhilfe\/informationen\">Weiterlesen <span class=\"meta-nav\">&rarr;<\/span><\/a><\/p>\n","protected":false},"author":1,"featured_media":0,"parent":0,"menu_order":2,"comment_status":"closed","ping_status":"closed","template":"","meta":{"footnotes":""},"aioseo_notices":[],"_links":{"self":[{"href":"https:\/\/www.me-weiterbildung.de\/kinderhilfe\/wp-json\/wp\/v2\/pages\/7"}],"collection":[{"href":"https:\/\/www.me-weiterbildung.de\/kinderhilfe\/wp-json\/wp\/v2\/pages"}],"about":[{"href":"https:\/\/www.me-weiterbildung.de\/kinderhilfe\/wp-json\/wp\/v2\/types\/page"}],"author":[{"embeddable":true,"href":"https:\/\/www.me-weiterbildung.de\/kinderhilfe\/wp-json\/wp\/v2\/users\/1"}],"replies":[{"embeddable":true,"href":"https:\/\/www.me-weiterbildung.de\/kinderhilfe\/wp-json\/wp\/v2\/comments?post=7"}],"version-history":[{"count":4,"href":"https:\/\/www.me-weiterbildung.de\/kinderhilfe\/wp-json\/wp\/v2\/pages\/7\/revisions"}],"predecessor-version":[{"id":239,"href":"https:\/\/www.me-weiterbildung.de\/kinderhilfe\/wp-json\/wp\/v2\/pages\/7\/revisions\/239"}],"wp:attachment":[{"href":"https:\/\/www.me-weiterbildung.de\/kinderhilfe\/wp-json\/wp\/v2\/media?parent=7"}],"curies":[{"name":"wp","href":"https:\/\/api.w.org\/{rel}","templated":true}]}}