{"id":74,"date":"2012-09-17T13:49:54","date_gmt":"2012-09-17T11:49:54","guid":{"rendered":"http:\/\/www.me-weiterbildung.de\/kinderhilfe\/?page_id=74"},"modified":"2014-08-12T10:44:51","modified_gmt":"2014-08-12T08:44:51","slug":"agb","status":"publish","type":"page","link":"https:\/\/www.me-weiterbildung.de\/kinderhilfe\/cds-bestellen\/agb","title":{"rendered":"AGB"},"content":{"rendered":"<h2>Allgemeine Gesch\u00e4ftsbedingungen<\/h2>\n<p><strong>1. Geltungsbereich:<\/strong><br \/>\nAlle unsere Vertragsabschl\u00fcsse im Benefiz-Shop-Bereich erfolgen auf der Grundlage dieser allgemeinen Gesch\u00e4ftsbedingungen. Gesch\u00e4ftsbedingungen unserer Abnehmer oder Lieferanten werden nur mit unserer ausdr\u00fccklichen schriftlich Zustimmung Vertragsbestandteil. Unsere AGB gelten f\u00fcr die gesamte Gesch\u00e4ftsbeziehung mit dem Kunden, solange nicht bei Folgeauftr\u00e4gen der Kunde ausdr\u00fccklich der Geltung unserer AGB widerspricht.<\/p>\n<p><strong>2. Vertragsabschl\u00fcsse:<\/strong><br \/>\nUnsere Angebote sind stets freibleibend, sofern wir nicht das Angebot ausdr\u00fccklich als verbindlich bezeichnen. Schriftliche Auftr\u00e4ge nehmen wir durch schriftliche Auftragsbest\u00e4tigung oder durch Ablieferung der bestellten Ware an. Bei wesentlicher Verschlechterung der wirtschaftlichen Verh\u00e4ltnisse des K\u00e4ufers, insbesondere Vollstreckungsma\u00dfnahmen, Insolvenzer\u00f6ffnung, Gesch\u00e4ftsver\u00e4u\u00dferung, Verzug mit Verbindlichkeiten uns gegen\u00fcber sind wir auch bei schriftlich best\u00e4tigten Auftr\u00e4gen zum R\u00fccktritt vom Vertrag berechtigt, sofern nicht der K\u00e4ufer auf unser Anfordern binnen einer Frist von zwei Wochen Sicherheit in H\u00f6he der Vertragssumme oder Vorkasse leistet. Der R\u00fccktritt kann auch noch nach Lieferung der Waren erfolgen; unser Eigentumsvorbehalt (nach Ziffer 6) bleibt unber\u00fchrt.<\/p>\n<p><strong>3. Zahlungsbedingungen:<\/strong><br \/>\nUnsere Preise gelten f\u00fcr die Lieferung ab Lager zuz\u00fcglich Verpackungs- und Versandkosten. Skonto wird nicht gew\u00e4hrt. Lieferung erfolgt nach Eingang der Vorkasse. Bitte beachten Sie, dass das Lastschriftverfahren nur von einem deutschen Girokonto aus m\u00f6glich ist. R\u00fcckbuchungen, die auf eine falsche Eingabe der Bankdaten, \u00dcberziehung des Kontos etc. entstehen, werden mit 8 Euro dem Kunden belastet.<\/p>\n<p><strong>4. Leistungserbringung:<\/strong><br \/>\nDer Versand von Waren erfolgt auf Gefahr und Kosten des Kunden. Jede Haftung f\u00fcr Transportsch\u00e4den ist ausgeschlossen, es sei denn, dass uns oder einem unserer Erf\u00fcllungsgehilfen Vorsatz oder grobe Fahrl\u00e4ssigkeit zur Last f\u00e4llt. Soweit wir nicht selbst eintreten, sind wir verpflichtet, s\u00e4mtliche auf den Schaden bezogenen Anspr\u00fcche gegen den Transportunternehmer bzw. gegen den Transportversicherer an den Kunden abzutreten. Lieferfristen und Liefertermine gelten nur bei schriftlicher Best\u00e4tigung durch uns als wirksam vereinbart. In Wochen oder Monaten ausgedr\u00fcckte Lieferfristen sind grunds\u00e4tzlich unverbindlich; bindend sind nur auf das Kalenderdatum genau angegebene Liefertermine. Die \u00dcberschreitung unverbindlicher Lieferfristen berechtigt den Kunden nicht zum R\u00fccktritt oder zur Geltendmachung von Schadensersatzanspr\u00fcchen, gleich aus welchem Rechtsgrund. Derartige Anspr\u00fcche kann der Kunde nur nach schriftlicher Fristsetzung mit Ablehnungsandrohung f\u00fcr die Lieferung geltend machen. Im \u00dcbrigen gelten die Vorschriften des BGB \u00fcber den Verzug.<\/p>\n<p><strong>5. Gew\u00e4hrleistung:<\/strong><br \/>\nGrunds\u00e4tzlich richtet sich die Gew\u00e4hrleistung f\u00fcr unsere Produkte nach den gesetzlichen Vorschriften (\u00a7\u00a7 434 bis 448 BGB und \u00a7\u00a7 474 bis 476 BGB). Sofern der Kunde Nacherf\u00fcllung (Beseitigung des Mangels) verlangt, stehen uns zwei M\u00e4ngelbeseitigungsversuche zu. Diese Regeln gelten nicht f\u00fcr Vertr\u00e4ge mit Kaufleuten im Sinne des HGB, f\u00fcr die der Warenkauf bei uns ein Handelsgesch\u00e4ft im Sinne der \u00a7\u00a7 343 ff. HGB ist. Nur f\u00fcr diese Kaufleute gilt: Die Ware ist unverz\u00fcglich zu untersuchen, \u00a7 377 HGB. Als unverz\u00fcglich gelten nur solche M\u00e4ngelr\u00fcgen, die uns binnen f\u00fcnf Werktagen nach Ablieferung der Ware schriftlich zugehen, sofern der Mangel bereits bei Ablieferung erkennbar war. Sp\u00e4ter auftretende M\u00e4ngel sind ebenfalls binnen f\u00fcnf Tagen nach ihrer Entdeckung schriftlich zu melden. Werden die Fristen \u00fcberschritten, sind Gew\u00e4hrleistungsanspr\u00fcche gegen uns ausgeschlossen. F\u00fcr uns ordnungsgem\u00e4\u00df angezeigte M\u00e4ngel leisten wir in der Weise Gew\u00e4hr, dass wir nach unserer Wahl die Ware entweder nachbessern oder durch mangelfreie Ware ersetzen. Im \u00dcbrigen stehen Kaufleuten uns gegen\u00fcber keine Gew\u00e4hrleistungsanspr\u00fcche zu. F\u00fcr alle Kunden gilt: Wird uns Ware als mangelhaft zur\u00fcckgesandt, die sich nach \u00dcberpr\u00fcfung durch uns als mangelfrei erweist, sind wir berechtigt, die Kosten der \u00dcberpr\u00fcfung der Ware mit pauschal \u20ac 90,00 (einschlie\u00dflich Mehrwertsteuer) sowie die angefallenen Transport- und Versandkosten dem Kunden in Rechnung zu stellen. Dem Kunden steht der Nachweis offen, dass uns ein geringerer oder kein Aufwand entstanden ist. Wird der Kauf wegen M\u00e4ngeln auf Verlangen des K\u00e4ufers r\u00fcckg\u00e4ngig gemacht, steht uns f\u00fcr die Nutzung der Ware durch den Kunden eine Nutzungsentsch\u00e4digung in H\u00f6he der in Ziff. 8 dieser AGB f\u00fcr die R\u00fccknahme von Ware bestimmten S\u00e4tze zu. Keine Gew\u00e4hrleistung besteht f\u00fcr Sch\u00e4den, die durch Eingriffe in die Ger\u00e4te, unsachgem\u00e4\u00dfen Transport, unsachgem\u00e4\u00dfe Behandlung (auch durch Benutzung nicht f\u00fcr den Benutzer lizensierter Software) oder durch die Verwendung ungeeigneten Zubeh\u00f6rs entstanden sind. Bedienungs- und Programmierfehler begr\u00fcnden keine Gew\u00e4hrleistungsanspr\u00fcche.<\/p>\n<p><strong>6. Eigentumsvorbehalt:<\/strong><br \/>\nS\u00e4mtliche von uns gelieferte Ware bleiben bis zur vollst\u00e4ndigen vorbehaltslosen Bezahlung unserer s\u00e4mtlichen Forderungen aus der Gesch\u00e4ftsverbindung mit dem Kunden unser Eigentum. Im Falle der Verbindung oder Verarbeitung der Ware erwerben wir anstelle unseres untergehenden Alleineigentums Miteigentum an dem neu entstanden Gegenstand in H\u00f6he des Wertanteils unserer Ware. Der Kunde \u00fcbertr\u00e4gt uns bereits jetzt seine bei der Verarbeitung oder Verbindung entstehenden Eigentumsrechte und verpflichtet sich, den neu entstehenden Gegenstand mit kaufm\u00e4nnischer Sorgfalt unentgeltlich zu verwahren. Der Kunde ist berechtigt, die in unserem Eigentum oder Miteigentum stehende Vorbehaltsware im Rahmen des ordnungsgem\u00e4\u00dfen Gesch\u00e4ftsganges zu ver\u00e4u\u00dfern. Diese Befugnis erlischt, wenn der Kunde uns gegen\u00fcber in Verzug ger\u00e4t. Dar\u00fcber hinaus sind wir im Falle der Gef\u00e4hrdung unserer Anspr\u00fcche jederzeit zum Widerruf des Ver\u00e4u\u00dferungsrechts befugt. Verpf\u00e4ndung oder Sicherheits\u00fcbereignung sowie anderweitige Verf\u00fcgungen \u00fcber die Vorbehaltsware sind dem Kunden nicht gestattet. \u00dcber Beeintr\u00e4chtigungen unserer Rechte (etwa durch Pf\u00e4ndung) sind wir sofort zu unterrichten. Die durch die Ver\u00e4u\u00dferung der Vorbehaltsware an Dritte entstehenden Forderungen tritt uns der Kunde bereits jetzt ab. Der H\u00f6he nach ist die Abtretung auf unsere jeweils gegen den Kunden bestehenden Forderungen begr\u00fcndet. Der Kunde ist berechtigt und verpflichtet, die uns abgetretenen Forderungen auf seine Kosten einzuziehen; diese Berechtigung k\u00f6nnen wir jederzeit widerrufen. Auf unser Verlangen ist der Kunde verpflichtet, die Abtretung dem Dritten bekanntzugeben und uns die zur Geltendmachung unserer Rechte gegen die Drittschuldner erforderlichen Unterlagen auszuh\u00e4ndigen sowie die erforderlichen Ausk\u00fcnfte zu erteilen. Sofern sich der Kunde in Verzug befindet, sind wir jederzeit berechtigt, die Herausgabe der Vorbehaltsware zu verlangen, sie abzuholen oder abholen lassen.<\/p>\n<p><strong>7. Widerrufsrecht:<\/strong><br \/>\n<strong>(1)<\/strong> Dem Kunden steht ein Widerrufsrecht gem\u00e4\u00df \u00a7 312 d BGB i.V.m. \u00a7\u00a7 355 ff BGB zu. Nach diesen Vorschriften ist der Kunde berechtigt, den mit uns geschlossenen Kaufvertrag innerhalb einer Frist von zwei Wochen zu widerrufen, gerechnet vom Tag des Eingangs der Ware bei ihm. Zur Fristwahrung gen\u00fcgt die rechtzeitige Absendung der Widerrufserkl\u00e4rung oder der gelieferten Ware an uns. Die Widerrufserkl\u00e4rung bedarf keiner Begr\u00fcndung und keiner Unterzeichnung durch den Kunden. Das Widerrufsrecht erlischt sechs Monate nach Eingang der gelieferten Waren beim Kunden.<br \/>\n<strong>(2)<\/strong> Wenn der Bestellwert der aufgrund eines Widerrufs zur\u00fcckgegebenen Ware \u20ac 40,00 nicht \u00fcbersteigt, tr\u00e4gt der Kunde die Kosten der R\u00fccksendung. Im \u00dcbrigen tragen wir die R\u00fccksendungskosten in H\u00f6he des jeweils g\u00fcnstigsten Tarifs.<br \/>\n<strong>(3)<\/strong> Das Widerrufsrecht besteht mangels anderer Vereinbarung und unbeschadet anderer gesetzlicher Bestimmungen nicht<br \/>\n&#8211; bei Lieferung von Audio- oder Videoaufzeichnungen, sofern die gelieferten Datentr\u00e4ger vom Kunden entsiegelt worden sind.<br \/>\n<strong>(4)<\/strong> Dieses Widerrufsrecht gilt nicht f\u00fcr Kaufleute im Sinne des HGB, f\u00fcr die der mit uns geschlossene Vertrag ein Handelsgesch\u00e4ft im Sinne der \u00a7\u00a7 343 ff. HGB ist.<\/p>\n<p><strong>8. R\u00fccknahme von Ware:<\/strong><br \/>\nJede R\u00fccknahme von Warenlieferungen, die keinem Widerrufsrecht des Kunden unterliegen, ist grunds\u00e4tzlich ausgeschlossen.<\/p>\n<p><strong>9. Umtausch:<\/strong><br \/>\nKleidungsst\u00fccke werden nur gegen Erstattung erneut anfallender Portokosten umgetauscht. Unfreie Sendungen werden nicht angenommen.<\/p>\n<p><strong>10. Sonstiges:<\/strong><br \/>\nDie \u00dcbermittlung von Erkl\u00e4rungen per e-mail oder per Telefax steht der Schriftform gleich. Sofern eine Bestimmung dieser Allgemeinen Gesch\u00e4ftsbedingungen ganz oder teilweise unwirksam ist oder wird, ber\u00fchrt dies die Wirksamkeit der \u00fcbrigen Bestimmungen nicht.<\/p>\n<p><a title=\"CD(s) bestellen\" href=\"https:\/\/www.me-weiterbildung.de\/kinderhilfe\/cds-bestellen\">\u00ab Zur\u00fcck zur CD-Bestell-Seite <\/a><\/p>\n","protected":false},"excerpt":{"rendered":"<p>Allgemeine Gesch\u00e4ftsbedingungen 1. Geltungsbereich: Alle unsere Vertragsabschl\u00fcsse im Benefiz-Shop-Bereich erfolgen auf der Grundlage dieser allgemeinen Gesch\u00e4ftsbedingungen. Gesch\u00e4ftsbedingungen unserer Abnehmer oder Lieferanten werden nur mit unserer ausdr\u00fccklichen schriftlich Zustimmung Vertragsbestandteil. Unsere AGB gelten f\u00fcr die gesamte Gesch\u00e4ftsbeziehung mit dem Kunden, solange &hellip; <a href=\"https:\/\/www.me-weiterbildung.de\/kinderhilfe\/cds-bestellen\/agb\">Weiterlesen <span class=\"meta-nav\">&rarr;<\/span><\/a><\/p>\n","protected":false},"author":1,"featured_media":0,"parent":9,"menu_order":1,"comment_status":"closed","ping_status":"closed","template":"","meta":{"footnotes":""},"aioseo_notices":[],"_links":{"self":[{"href":"https:\/\/www.me-weiterbildung.de\/kinderhilfe\/wp-json\/wp\/v2\/pages\/74"}],"collection":[{"href":"https:\/\/www.me-weiterbildung.de\/kinderhilfe\/wp-json\/wp\/v2\/pages"}],"about":[{"href":"https:\/\/www.me-weiterbildung.de\/kinderhilfe\/wp-json\/wp\/v2\/types\/page"}],"author":[{"embeddable":true,"href":"https:\/\/www.me-weiterbildung.de\/kinderhilfe\/wp-json\/wp\/v2\/users\/1"}],"replies":[{"embeddable":true,"href":"https:\/\/www.me-weiterbildung.de\/kinderhilfe\/wp-json\/wp\/v2\/comments?post=74"}],"version-history":[{"count":5,"href":"https:\/\/www.me-weiterbildung.de\/kinderhilfe\/wp-json\/wp\/v2\/pages\/74\/revisions"}],"predecessor-version":[{"id":194,"href":"https:\/\/www.me-weiterbildung.de\/kinderhilfe\/wp-json\/wp\/v2\/pages\/74\/revisions\/194"}],"up":[{"embeddable":true,"href":"https:\/\/www.me-weiterbildung.de\/kinderhilfe\/wp-json\/wp\/v2\/pages\/9"}],"wp:attachment":[{"href":"https:\/\/www.me-weiterbildung.de\/kinderhilfe\/wp-json\/wp\/v2\/media?parent=74"}],"curies":[{"name":"wp","href":"https:\/\/api.w.org\/{rel}","templated":true}]}}