{"id":9,"date":"2012-08-20T10:43:57","date_gmt":"2012-08-20T08:43:57","guid":{"rendered":"http:\/\/www.me-weiterbildung.de\/kinderhilfe\/?page_id=9"},"modified":"2014-08-12T10:44:41","modified_gmt":"2014-08-12T08:44:41","slug":"cds-bestellen","status":"publish","type":"page","link":"https:\/\/www.me-weiterbildung.de\/kinderhilfe\/cds-bestellen","title":{"rendered":"CD(s) bestellen"},"content":{"rendered":"<h2>Benefizsampler &#8222;Der S\u00fcden rockt!&#8220; &#8211; Helfen Sie mit !<\/h2>\n<p><span style=\"text-decoration: underline; color: #ff0000;\"><span style=\"text-decoration: underline;\">Jetzt lieferbar!<\/span><\/span><\/p>\n<p><span style=\"color: #ff9900;\"><strong>Der Benefiz-Sampler kostet 10,- Euro \/ St\u00fcck.<br \/>\nVon diesen 10,- Euro gehen mindestens 7,- Euro an die Hilfe f\u00fcr krebskranke Kinder!<\/strong><\/span><\/p>\n<p><strong>Versandkosten:<\/strong> Innerhalb Deutschland VERSANDKOSTENFREI. Die Versandkosten k\u00f6nnen ggf. h\u00f6her ausfallen, sollten sie au\u00dferhalb Deutschlands bestellen.<\/p>\n<p><strong>Bezahlart<\/strong>: ist Vorkasse (Bank\u00fcberweisung). Die Versendung der Ware(n) erfolgt nach Eingang der Bestellsumme auf unserem Konto.<\/p>\n<p><strong>Abwicklung:<\/strong> Sie erhalten nach der Bestellung \u00fcber dieses Formular eine Best\u00e4tigung per Email inkl. Rechnung und unsereren Kontaktdaten f\u00fcr die \u00dcberweisung.<\/p>\n<p><strong>Bestellen:<\/strong> Den Benefiz-Sampler k\u00f6nnen Sie einfach \u00fcber folgendes Formular bestellen:<\/p>\n\n<div class=\"wpcf7 no-js\" id=\"wpcf7-f97-o1\" lang=\"\" dir=\"ltr\">\n<div class=\"screen-reader-response\"><p role=\"status\" aria-live=\"polite\" aria-atomic=\"true\"><\/p> <ul><\/ul><\/div>\n<form action=\"\/kinderhilfe\/wp-json\/wp\/v2\/pages\/9#wpcf7-f97-o1\" method=\"post\" class=\"wpcf7-form init\" aria-label=\"Kontaktformular\" novalidate=\"novalidate\" data-status=\"init\">\n<div style=\"display: none;\">\n<input type=\"hidden\" name=\"_wpcf7\" value=\"97\" \/>\n<input type=\"hidden\" name=\"_wpcf7_version\" value=\"5.9.4\" \/>\n<input type=\"hidden\" name=\"_wpcf7_locale\" value=\"\" \/>\n<input type=\"hidden\" name=\"_wpcf7_unit_tag\" value=\"wpcf7-f97-o1\" \/>\n<input type=\"hidden\" name=\"_wpcf7_container_post\" value=\"0\" \/>\n<input type=\"hidden\" name=\"_wpcf7_posted_data_hash\" value=\"\" \/>\n<\/div>\n<table class=\"allecds\">\n\t<tr>\n\t\t<td colspan=\"2\">\n\t\t<hr \/>\n\t\t\t<h2>Hier gibt's den Benefizsampler:\n\t\t\t<\/h2>\n\t\t\t<div class=\"kurz\">\n\t\t\t\t<p><span class=\"wpcf7-form-control-wrap\" data-name=\"benefiz-stck\"><input size=\"40\" class=\"wpcf7-form-control wpcf7-text wpcf7-validates-as-required\" aria-required=\"true\" aria-invalid=\"false\" value=\"0\" type=\"text\" name=\"benefiz-stck\" \/><\/span> 10,- \u20ac \/ St\u00fcck (&lt; bitte links die gew\u00fcnschte St\u00fcckzahl eintragen)\n\t\t\t\t<\/p>\n\t\t\t<\/div>\n\t\t<\/td>\n\t<\/tr>\n\t<tr>\n\t\t<td colspan=\"2\">\n\t\t\t<h2>F\u00fcr Wiederverk\u00e4ufer und Sammelbesteller:\n\t\t\t<\/h2>\n\t\t\t<div class=\"kurz\">\n\t\t\t\t<p><span class=\"wpcf7-form-control-wrap\" data-name=\"sammel-stck\"><input size=\"40\" class=\"wpcf7-form-control wpcf7-text wpcf7-validates-as-required\" aria-required=\"true\" aria-invalid=\"false\" value=\"0\" type=\"text\" name=\"sammel-stck\" \/><\/span> 200,- \u20ac \/ Karton (je 25 CDs \u00e1 8,- \u20ac \/ St\u00fcck &lt; bitte Kartonzahl eintragen)\n\t\t\t\t<\/p>\n\t\t\t<\/div>\n\t\t<\/td>\n\t<\/tr>\n\t<tr>\n\t\t<td>\n\t\t\t<p><a href=\"http:\/\/www.me-weiterbildung.de\/kinderhilfe\/wp-content\/uploads\/2012\/09\/trackliste_dsr.jpg\"><img loading=\"lazy\" decoding=\"async\" src=\"http:\/\/www.me-weiterbildung.de\/kinderhilfe\/wp-content\/uploads\/2012\/09\/trackliste_dsr_300.jpg\" alt=\"Der Sueden rockt - CD Cover\" title=\"cover_der_sueden_rockt\" width=\"310\" height=\"310\" class=\"alignnone size-thumbnail\" \/><\/a>\n\t\t\t<\/p>\n\t\t<\/td>\n\t\t<td>\n\t\t\t<p><a href=\"http:\/\/www.me-weiterbildung.de\/kinderhilfe\/wp-content\/uploads\/2012\/09\/cover_der_sueden_rockt.jpg\"><img loading=\"lazy\" decoding=\"async\" src=\"http:\/\/www.me-weiterbildung.de\/kinderhilfe\/wp-content\/uploads\/2012\/09\/cover_der_sueden_rockt-300x300.jpg\" alt=\"Der Sueden rockt - CD Cover\" title=\"cover_der_sueden_rockt\" width=\"310\" height=\"310\" class=\"alignnone size-thumbnail\" \/><\/a>\n\t\t\t<\/p>\n\t\t<\/td>\n\t<\/tr>\n\t<tr>\n\t\t<td colspan=\"2\">\n\t\t<hr \/>\n\t\t\t<h2>Hier gibt's die Donikkl CDs:<img loading=\"lazy\" decoding=\"async\" class=\"alignright size-medium wp-image-123\" title=\"donikkl_logo\" src=\"http:\/\/www.me-weiterbildung.de\/kinderhilfe\/wp-content\/uploads\/2012\/08\/donikkl_logo-300x87.jpg\" alt=\"Donikkl\" width=\"300\" height=\"87\" srcset=\"https:\/\/www.me-weiterbildung.de\/kinderhilfe\/wp-content\/uploads\/2012\/08\/donikkl_logo-300x87.jpg 300w, https:\/\/www.me-weiterbildung.de\/kinderhilfe\/wp-content\/uploads\/2012\/08\/donikkl_logo.jpg 445w\" sizes=\"(max-width: 300px) 100vw, 300px\" \/>\n\t\t\t<\/h2>\n\t\t\t<p><span style=\"color: #ff9900;\"><strong>Jede der CDs kostet 13,80 Euro \/ St\u00fcck.<br \/>\n<\/strong><\/span>\n\t\t\t<\/p>\n\t\t<\/td>\n\t<\/tr>\n\t<tr>\n\t\t<td colspan=\"2\" class=\"allecover\">\n\t\t\t<div class=\"drittel\">\n\t\t\t\t<p><strong>Rockstar<\/strong><br \/>\n<span class=\"wpcf7-form-control-wrap\" data-name=\"donikkl_rockstar-stck\"><input size=\"40\" class=\"wpcf7-form-control wpcf7-text wpcf7-validates-as-required\" aria-required=\"true\" aria-invalid=\"false\" value=\"0\" type=\"text\" name=\"donikkl_rockstar-stck\" \/><\/span> 13,80 \u20ac \/ St\u00fcck<br \/>\n<a href=\"#fancyboxID-1\" class=\"fancybox\">Liederliste<\/a>\n\t\t\t\t<\/p>\n\t\t\t\t<div style=\"display:none\" class=\"fancybox-hidden\">\n\t\t\t\t\t<div id=\"fancyboxID-1\" style=\"width:460px;height:400px;\">\n\t\t\t\t\t\t<h2>Rockstar\n\t\t\t\t\t\t<\/h2>\n\t\t\t\t\t\t<p>1. 1-2-3 los geht die Party<br \/>\n2. Milch<br \/>\n3. Rockstar<br \/>\n4. Kalamari<br \/>\n5. Aram sam sam<br \/>\n6. So a sch\u00f6ner Tag (Fliegerlied)<br \/>\n7. Hi ha Hexe<br \/>\n8. Lal\u00fc lal\u00fcla<br \/>\n9. Ele Kroko<br \/>\n10. Ich bin ein Pferd<br \/>\n11. Ich will mehr<br \/>\n12. Mit Schwung<br \/>\n13. Einfach dagegen\n\t\t\t\t\t\t<\/p>\n\t\t\t\t\t<\/div>\n\t\t\t\t<\/div>\n\t\t\t\t<p><a href=\"http:\/\/www.me-weiterbildung.de\/kinderhilfe\/wp-content\/uploads\/2012\/10\/CD-Rockstar.jpg\"><img loading=\"lazy\" decoding=\"async\" src=\"http:\/\/www.me-weiterbildung.de\/kinderhilfe\/wp-content\/uploads\/2012\/10\/CD-Rockstar_K.jpg\" alt=\"Donikkl CD Rockstar\" title=\"Donikkl CD Rockstar\" width=\"190\" height=\"190\" class=\"alignnone size-thumbnail wp-image-118\" \/><\/a>\n\t\t\t\t<\/p>\n\t\t\t<\/div>\n\t\t\t<div class=\"drittel\">\n\t\t\t\t<p><strong>Wir geh'n ab<\/strong><br \/>\n<span class=\"wpcf7-form-control-wrap\" data-name=\"donikkl_geht_ab-stck\"><input size=\"40\" class=\"wpcf7-form-control wpcf7-text wpcf7-validates-as-required\" aria-required=\"true\" aria-invalid=\"false\" value=\"0\" type=\"text\" name=\"donikkl_geht_ab-stck\" \/><\/span> 13,80 \u20ac \/ St\u00fcck<br \/>\n<a href=\"#fancyboxID-2\" class=\"fancybox\">Liederliste<\/a>\n\t\t\t\t<\/p>\n\t\t\t\t<div style=\"display:none\" class=\"fancybox-hidden\">\n\t\t\t\t\t<div id=\"fancyboxID-2\" style=\"width:460px;height:480px;\">\n\t\t\t\t\t\t<h2>Wir geh'n ab\n\t\t\t\t\t\t<\/h2>\n\t\t\t\t\t\t<p>1. Wir geh'n ab!<br \/>\n2. Kleine Monster<br \/>\n3. Pizza Pizza<br \/>\n4. Rock Teddy<br \/>\n5. Sieh' mal her wie ich tanze<br \/>\n6. Ich trau' mir endllich mal was zu<br \/>\n7. Alles nur getr\u00e4umt<br \/>\n8. Kicky<br \/>\n9. Ich bin echt gut<br \/>\n10. Ich bin doch noch ein Kind<br \/>\n11. Kissenschlacht<br \/>\n12. Quaak<br \/>\n13. Russ gagga<br \/>\n14. Gloana Koala<br \/>\n15. Wieder Kind\n\t\t\t\t\t\t<\/p>\n\t\t\t\t\t<\/div>\n\t\t\t\t<\/div>\n\t\t\t\t<p><a href=\"http:\/\/www.me-weiterbildung.de\/kinderhilfe\/wp-content\/uploads\/2012\/10\/CD-Wir-gehn-ab.jpg\"><img loading=\"lazy\" decoding=\"async\" src=\"http:\/\/www.me-weiterbildung.de\/kinderhilfe\/wp-content\/uploads\/2012\/10\/CD-Wir-gehn-ab_K.jpg\" alt=\"Donikkl CD Wir gehn ab\" title=\"Donikkl CD Wir gehn ab\" width=\"190\" height=\"190\" class=\"alignnone size-thumbnail wp-image-121\" \/><\/a>\n\t\t\t\t<\/p>\n\t\t\t<\/div>\n\t\t\t<div class=\"drittel\">\n\t\t\t\t<p><strong>Stark wie ein Tiger<\/strong><br \/>\n<span class=\"wpcf7-form-control-wrap\" data-name=\"donikkl_tiger-stck\"><input size=\"40\" class=\"wpcf7-form-control wpcf7-text wpcf7-validates-as-required\" aria-required=\"true\" aria-invalid=\"false\" value=\"0\" type=\"text\" name=\"donikkl_tiger-stck\" \/><\/span> 13,80 \u20ac \/ St\u00fcck<br \/>\n<a href=\"#fancyboxID-3\" class=\"fancybox\">Liederliste<\/a>\n\t\t\t\t<\/p>\n\t\t\t\t<div style=\"display:none\" class=\"fancybox-hidden\">\n\t\t\t\t\t<div id=\"fancyboxID-3\" style=\"width:460px;height:480px;\">\n\t\t\t\t\t\t<h2>Wir geh'n ab\n\t\t\t\t\t\t<\/h2>\n\t\t\t\t\t\t<p>1. Party!<br \/>\n2. Stark wie ein Tiger<br \/>\n3. Cowboy<br \/>\n4. Ferien<br \/>\n5. Hintern wackeln<br \/>\n6. Sch\u00fcttel dich<br \/>\n7. Jeder ist anders<br \/>\n8. Busfahrer<br \/>\n9. Edith<br \/>\n10. Eo gos to de voc\u00ea<br \/>\n11. Stereoanlage<br \/>\n12. Yeah yeah yeah<br \/>\n13. Gespenst (live)<br \/>\n14. U-i-u singt die Kuh (live)<br \/>\n15. So a sch\u00f6ner Tag<br \/>\n+ Videoclip \"Hintern wackeln\" (PC)\n\t\t\t\t\t\t<\/p>\n\t\t\t\t\t<\/div>\n\t\t\t\t<\/div>\n\t\t\t\t<p><a href=\"http:\/\/www.me-weiterbildung.de\/kinderhilfe\/wp-content\/uploads\/2012\/10\/CD-Stark-wie-ein-Tiger.jpg\"><img loading=\"lazy\" decoding=\"async\" src=\"http:\/\/www.me-weiterbildung.de\/kinderhilfe\/wp-content\/uploads\/2012\/10\/CD-Stark-wie-ein-Tiger_K.jpg\" alt=\"Donikkl CD Stark wie einTiger\" title=\"Donikkl CD Stark wie einTiger\" width=\"190\" height=\"190\" class=\"alignnone size-thumbnail wp-image-120\" \/><\/a>\n\t\t\t\t<\/p>\n\t\t\t<\/div>\n\t\t<\/td>\n\t<\/tr>\n\t<tr>\n\t\t<td colspan=\"2\" class=\"allecover\">\n\t\t\t<div class=\"drittel\">\n\t\t\t\t<p><strong>Grash\u00fcpfer<\/strong><br \/>\n<span class=\"wpcf7-form-control-wrap\" data-name=\"donikkl_grashuepfer-stck\"><input size=\"40\" class=\"wpcf7-form-control wpcf7-text wpcf7-validates-as-required\" aria-required=\"true\" aria-invalid=\"false\" value=\"0\" type=\"text\" name=\"donikkl_grashuepfer-stck\" \/><\/span> 13,80 \u20ac \/ St\u00fcck<br \/>\n<a href=\"#fancyboxID-4\" class=\"fancybox\">Liederliste<\/a>\n\t\t\t\t<\/p>\n\t\t\t\t<div style=\"display:none\" class=\"fancybox-hidden\">\n\t\t\t\t\t<div id=\"fancyboxID-4\" style=\"width:460px;height:480px;\">\n\t\t\t\t\t\t<h2>Grash\u00fcpfer\n\t\t\t\t\t\t<\/h2>\n\t\t\t\t\t\t<p>1. Tanzen<br \/>\n2. Monsterband<br \/>\n3. Mein bester Freund und ich<br \/>\n4. Ich mag dich so<br \/>\n5. Pirat<br \/>\n6. Hamster<br \/>\n7. Grash\u00fcpfer<br \/>\n8. Affe in Afrika<br \/>\n9. Roboter<br \/>\n10. Paul und Luise<br \/>\n11. Nicht gleich schrein<br \/>\n12. Fledermaus<br \/>\n13. Da dadadadadada dadada<br \/>\n14. Donaukrokodil<br \/>\n15. Erferkel Eberhardt (lernt Sprachen)<br \/>\n16. Weihnachtsmaus is in da house\n\t\t\t\t\t\t<\/p>\n\t\t\t\t\t<\/div>\n\t\t\t\t<\/div>\n\t\t\t\t<p><a href=\"http:\/\/www.me-weiterbildung.de\/kinderhilfe\/wp-content\/uploads\/2012\/10\/CD-Grashuepfer.jpg\"><img loading=\"lazy\" decoding=\"async\" class=\"alignnone size-thumbnail wp-image-116\" title=\"Donikkl CD Grashuepfer\" src=\"http:\/\/www.me-weiterbildung.de\/kinderhilfe\/wp-content\/uploads\/2012\/10\/CD-Grashuepfer_K.jpg\" alt=\"Donikkl CD Grashuepfer\" width=\"190\" height=\"190\" \/><\/a>\n\t\t\t\t<\/p>\n\t\t\t<\/div>\n\t\t\t<div class=\"drittel\">\n\t\t\t\t<p><strong>Spiel mit mir<\/strong><br \/>\n<span class=\"wpcf7-form-control-wrap\" data-name=\"donikkl_spiel_mit_mir-stck\"><input size=\"40\" class=\"wpcf7-form-control wpcf7-text wpcf7-validates-as-required\" aria-required=\"true\" aria-invalid=\"false\" value=\"0\" type=\"text\" name=\"donikkl_spiel_mit_mir-stck\" \/><\/span> 13,80 \u20ac \/ St\u00fcck<br \/>\n<a href=\"#fancyboxID-5\" class=\"fancybox\">Liederliste<\/a>\n\t\t\t\t<\/p>\n\t\t\t\t<div style=\"display:none\" class=\"fancybox-hidden\">\n\t\t\t\t\t<div id=\"fancyboxID-5\" style=\"width:460px;height:480px;\">\n\t\t\t\t\t\t<h2>Spiel mit mir\n\t\t\t\t\t\t<\/h2>\n\t\t\t\t\t\t<p>1. DONIKKL h\u00f6r\u2019n<br \/>\n2. Mach\u2019 die Welt bunter<br \/>\n3. Hoch Tief<br \/>\n4. Spiel mit mir<br \/>\n5. Indianer<br \/>\n6. Manchmal bin ich laut<br \/>\n7. Funk im Tank<br \/>\n8. Der kleine Papagei<br \/>\n9. Fu\u00dfballkids<br \/>\n10. M\u00e4rchenk\u00f6nig<br \/>\n11. Ritterfest<br \/>\n12. Hasenjagd<br \/>\n13. Warum<br \/>\n14. T\u00f6ff T\u00f6ff<br \/>\n15. Tiger-Schlaflied\n\t\t\t\t\t\t<\/p>\n\t\t\t\t\t<\/div>\n\t\t\t\t<\/div>\n\t\t\t\t<p><a href=\"http:\/\/www.me-weiterbildung.de\/kinderhilfe\/wp-content\/uploads\/2012\/10\/CD-Spiel-mit-mir.jpg\"><img loading=\"lazy\" decoding=\"async\" src=\"http:\/\/www.me-weiterbildung.de\/kinderhilfe\/wp-content\/uploads\/2012\/10\/CD-Spiel-mit-mir_K.jpg\" alt=\"Donikkl CD Spiel mit mir\" title=\"Donikkl CD Spiel mit mir\" width=\"190\" height=\"190\" class=\"alignnone size-thumbnail wp-image-119\" \/><\/a>\n\t\t\t\t<\/p>\n\t\t\t<\/div>\n\t\t\t<div class=\"drittel\">\n\t\t\t\t<p><strong>Kinderzimmerparty<\/strong><br \/>\n<span class=\"wpcf7-form-control-wrap\" data-name=\"donikkl_kinderzimmer-stck\"><input size=\"40\" class=\"wpcf7-form-control wpcf7-text wpcf7-validates-as-required\" aria-required=\"true\" aria-invalid=\"false\" value=\"0\" type=\"text\" name=\"donikkl_kinderzimmer-stck\" \/><\/span> 13,80 \u20ac \/ St\u00fcck<br \/>\n<a href=\"#fancyboxID-6\" class=\"fancybox\">Liederliste<\/a>\n\t\t\t\t<\/p>\n\t\t\t\t<div style=\"display:none\" class=\"fancybox-hidden\">\n\t\t\t\t\t<div id=\"fancyboxID-6\" style=\"width:460px;height:480px;\">\n\t\t\t\t\t\t<h2>Kinderzimmerparty\n\t\t\t\t\t\t<\/h2>\n\t\t\t\t\t\t<p>1. Bumm Schakalaka<br \/>\n2. Da R\u00e4ggi-Opa<br \/>\n3. U-i-u singt die Kuh<br \/>\n4. Das Staubsaugermonster<br \/>\n5. Der Schneider fangt a Maus<br \/>\n6. I mog Di<br \/>\n7. M\u00e4\u00e4\u00e4hdrescher<br \/>\n8. Erdferkel Eberhardt<br \/>\n9. Ferdinand der Regenwurm<br \/>\n10. Lisa<br \/>\n11. Der Kuckuck und der Esel<br \/>\n12. Mamapapa<br \/>\n13. Mia baun a Haus<br \/>\n14. Ab in's Bett!\n\t\t\t\t\t\t<\/p>\n\t\t\t\t\t<\/div>\n\t\t\t\t<\/div>\n\t\t\t\t<p><a href=\"http:\/\/www.me-weiterbildung.de\/kinderhilfe\/wp-content\/uploads\/2012\/10\/CD-Kinderzimmerparty.jpg\"><img loading=\"lazy\" decoding=\"async\" src=\"http:\/\/www.me-weiterbildung.de\/kinderhilfe\/wp-content\/uploads\/2012\/10\/CD-Kinderzimmerparty_K.jpg\" alt=\"Donikkl CD Kinderzimmerparty\" title=\"Donikkl CD Kinderzimmerparty\" width=\"190\" height=\"190\" class=\"alignnone size-thumbnail wp-image-117\" \/><\/a>\n\t\t\t\t<\/p>\n\t\t\t<\/div>\n\t\t<\/td>\n\t<\/tr>\n\t<tr>\n\t\t<td class=\"abstand2\">\n\t\t\t<p>Ihr Vorname (Pflichtfeld)<br \/>\n<span class=\"wpcf7-form-control-wrap\" data-name=\"your-prename\"><input size=\"40\" class=\"wpcf7-form-control wpcf7-text wpcf7-validates-as-required\" aria-required=\"true\" aria-invalid=\"false\" value=\"\" type=\"text\" name=\"your-prename\" \/><\/span><br \/>\nIhr Nachname (Pflichtfeld)<br \/>\n<span class=\"wpcf7-form-control-wrap\" data-name=\"your-name\"><input size=\"40\" class=\"wpcf7-form-control wpcf7-text wpcf7-validates-as-required\" aria-required=\"true\" aria-invalid=\"false\" value=\"\" type=\"text\" name=\"your-name\" \/><\/span><br \/>\nStra\u00dfe (Pflichtfeld)<br \/>\n<span class=\"wpcf7-form-control-wrap\" data-name=\"your-street\"><input size=\"40\" class=\"wpcf7-form-control wpcf7-text wpcf7-validates-as-required\" aria-required=\"true\" aria-invalid=\"false\" value=\"\" type=\"text\" name=\"your-street\" \/><\/span><br \/>\nHausnummer(Pflichtfeld)<br \/>\n<span class=\"wpcf7-form-control-wrap\" data-name=\"your-hausnr\"><input size=\"40\" class=\"wpcf7-form-control wpcf7-text wpcf7-validates-as-required\" aria-required=\"true\" aria-invalid=\"false\" value=\"\" type=\"text\" name=\"your-hausnr\" \/><\/span>\n\t\t\t<\/p>\n\t\t<\/td>\n\t\t<td class=\"abstand2\">\n\t\t\t<p>Stadt (Pflichtfeld)<br \/>\n<span class=\"wpcf7-form-control-wrap\" data-name=\"your-city\"><input size=\"40\" class=\"wpcf7-form-control wpcf7-text wpcf7-validates-as-required\" aria-required=\"true\" aria-invalid=\"false\" value=\"\" type=\"text\" name=\"your-city\" \/><\/span><br \/>\nPostleitzahl (Pflichtfeld)<br \/>\n<span class=\"wpcf7-form-control-wrap\" data-name=\"your-plz\"><input size=\"40\" class=\"wpcf7-form-control wpcf7-text wpcf7-validates-as-required\" aria-required=\"true\" aria-invalid=\"false\" value=\"\" type=\"text\" name=\"your-plz\" \/><\/span><br \/>\nTelefonnummer (Pflichtfeld)<br \/>\n<span class=\"wpcf7-form-control-wrap\" data-name=\"your-tel\"><input size=\"40\" class=\"wpcf7-form-control wpcf7-text wpcf7-validates-as-required\" aria-required=\"true\" aria-invalid=\"false\" value=\"\" type=\"text\" name=\"your-tel\" \/><\/span><br \/>\nIhre E-Mail-Adresse (Pflichtfeld)<br \/>\n<span class=\"wpcf7-form-control-wrap\" data-name=\"your-email\"><input size=\"40\" class=\"wpcf7-form-control wpcf7-email wpcf7-validates-as-required wpcf7-text wpcf7-validates-as-email\" aria-required=\"true\" aria-invalid=\"false\" value=\"\" type=\"email\" name=\"your-email\" \/><\/span>\n\t\t\t<\/p>\n\t\t<\/td>\n\t<\/tr>\n\t<tr>\n\t\t<td colspan=\"2\">\n\t\t\t<p>Ihre Nachricht (optional)<br \/>\n<span class=\"wpcf7-form-control-wrap\" data-name=\"your-message\"><textarea cols=\"40\" rows=\"10\" class=\"wpcf7-form-control wpcf7-textarea\" aria-invalid=\"false\" name=\"your-message\"><\/textarea><\/span>\n\t\t\t<\/p>\n\t\t<\/td>\n\t<\/tr>\n\t<tr>\n\t\t<td colspan=\"2\">\n\t\t\t<p><span class=\"wpcf7-form-control-wrap\" data-name=\"checkbox-748\"><span class=\"wpcf7-form-control wpcf7-checkbox wpcf7-validates-as-required\"><span class=\"wpcf7-list-item first last\"><input type=\"checkbox\" name=\"checkbox-748[]\" value=\"Ich best\u00e4tige hiermit die AGB gelesen zu haben!\" \/><span class=\"wpcf7-list-item-label\">Ich best\u00e4tige hiermit die AGB gelesen zu haben!<\/span><\/span><\/span><\/span><a href=\"http:\/\/www.me-weiterbildung.de\/kinderhilfe\/cds-bestellen\/agb\" target=\"_blank\">&raquo; AGB lesen<\/a>\n\t\t\t<\/p>\n\t\t<\/td>\n\t<\/tr>\n\t<tr>\n\t\t<td colspan=\"2\">\n\t\t\t<p><span class=\"wpcf7-form-control-wrap\" data-name=\"checkbox-999\"><span class=\"wpcf7-form-control wpcf7-checkbox wpcf7-validates-as-required\"><span class=\"wpcf7-list-item first last\"><input type=\"checkbox\" name=\"checkbox-999[]\" value=\"Ich best\u00e4tige hiermit das Widerrufsrecht gelesen zu haben!\" \/><span class=\"wpcf7-list-item-label\">Ich best\u00e4tige hiermit das Widerrufsrecht gelesen zu haben!<\/span><\/span><\/span><\/span><a href=\"http:\/\/www.me-weiterbildung.de\/kinderhilfe\/cds-bestellen\/widerrufsrecht\" target=\"_blank\">&raquo; Widerrufsrecht lesen<\/a>\n\t\t\t<\/p>\n\t\t<\/td>\n\t<\/tr>\n\t<tr>\n\t\t<td colspan=\"2\">\n\t\t\t<p>Bitte geben Sie zur Sicherheit nebenstehenden Text ein: <input type=\"hidden\" name=\"_wpcf7_captcha_challenge_captcha-262\" value=\"3821874067\" \/><img loading=\"lazy\" decoding=\"async\" class=\"wpcf7-form-control wpcf7-captchac wpcf7-captcha-captcha-262\" width=\"72\" height=\"24\" alt=\"captcha\" src=\"https:\/\/www.me-weiterbildung.de\/kinderhilfe\/wp-content\/uploads\/wpcf7_captcha\/3821874067.png\" \/><br \/>\n<span class=\"wpcf7-form-control-wrap\" data-name=\"captcha-262\"><input size=\"40\" class=\"wpcf7-form-control wpcf7-captchar\" autocomplete=\"off\" aria-invalid=\"false\" value=\"\" type=\"text\" name=\"captcha-262\" \/><\/span>\n\t\t\t<\/p>\n\t\t<\/td>\n\t<\/tr>\n\t<tr>\n\t\t<td colspan=\"2\">\n\t\t\t<p><input class=\"wpcf7-form-control wpcf7-submit has-spinner\" type=\"submit\" value=\"CD(s) bestellen\" \/>\n\t\t\t<\/p>\n\t\t<\/td>\n\t<\/tr>\n<\/table><div class=\"wpcf7-response-output\" aria-hidden=\"true\"><\/div>\n<\/form>\n<\/div>\n\n<hr \/>\n<p><strong>Datenschutz:<\/strong> Ihre eingegebenen Daten werden ausschlie\u00dflich zur Abwicklung dieses Bestellformulares genutzt und selbstverst\u00e4ndlich nicht an Dritte weitergegeben!<\/p>\n","protected":false},"excerpt":{"rendered":"<p>Benefizsampler &#8222;Der S\u00fcden rockt!&#8220; &#8211; Helfen Sie mit ! Jetzt lieferbar! Der Benefiz-Sampler kostet 10,- Euro \/ St\u00fcck. Von diesen 10,- Euro gehen mindestens 7,- Euro an die Hilfe f\u00fcr krebskranke Kinder! Versandkosten: Innerhalb Deutschland VERSANDKOSTENFREI. Die Versandkosten k\u00f6nnen ggf. &hellip; <a href=\"https:\/\/www.me-weiterbildung.de\/kinderhilfe\/cds-bestellen\">Weiterlesen <span class=\"meta-nav\">&rarr;<\/span><\/a><\/p>\n","protected":false},"author":1,"featured_media":0,"parent":0,"menu_order":3,"comment_status":"closed","ping_status":"closed","template":"cds.php","meta":{"footnotes":""},"aioseo_notices":[],"_links":{"self":[{"href":"https:\/\/www.me-weiterbildung.de\/kinderhilfe\/wp-json\/wp\/v2\/pages\/9"}],"collection":[{"href":"https:\/\/www.me-weiterbildung.de\/kinderhilfe\/wp-json\/wp\/v2\/pages"}],"about":[{"href":"https:\/\/www.me-weiterbildung.de\/kinderhilfe\/wp-json\/wp\/v2\/types\/page"}],"author":[{"embeddable":true,"href":"https:\/\/www.me-weiterbildung.de\/kinderhilfe\/wp-json\/wp\/v2\/users\/1"}],"replies":[{"embeddable":true,"href":"https:\/\/www.me-weiterbildung.de\/kinderhilfe\/wp-json\/wp\/v2\/comments?post=9"}],"version-history":[{"count":3,"href":"https:\/\/www.me-weiterbildung.de\/kinderhilfe\/wp-json\/wp\/v2\/pages\/9\/revisions"}],"predecessor-version":[{"id":195,"href":"https:\/\/www.me-weiterbildung.de\/kinderhilfe\/wp-json\/wp\/v2\/pages\/9\/revisions\/195"}],"wp:attachment":[{"href":"https:\/\/www.me-weiterbildung.de\/kinderhilfe\/wp-json\/wp\/v2\/media?parent=9"}],"curies":[{"name":"wp","href":"https:\/\/api.w.org\/{rel}","templated":true}]}}